{"id":57,"date":"2020-07-20T20:08:22","date_gmt":"2020-07-20T20:08:22","guid":{"rendered":"http:\/\/redesycomunicacion.com\/wp\/?page_id=57"},"modified":"2020-10-27T13:58:01","modified_gmt":"2020-10-27T19:58:01","slug":"productos","status":"publish","type":"page","link":"https:\/\/www.reycom.cr\/en\/productos\/","title":{"rendered":"Products"},"content":{"rendered":"<div data-elementor-type=\"wp-page\" data-elementor-id=\"57\" class=\"elementor elementor-57\">\n\t\t\t\t\t\t<section class=\"elementor-section elementor-top-section elementor-element elementor-element-150cb61a elementor-section-full_width elementor-section-height-min-height elementor-section-stretched elementor-section-height-default elementor-section-items-middle\" data-id=\"150cb61a\" data-element_type=\"section\" data-e-type=\"section\" data-settings=\"{&quot;stretch_section&quot;:&quot;section-stretched&quot;,&quot;background_background&quot;:&quot;classic&quot;}\">\n\t\t\t\t\t\t\t<div class=\"elementor-background-overlay\"><\/div>\n\t\t\t\t\t\t\t<div class=\"elementor-container elementor-column-gap-no\">\n\t\t\t\t\t<div class=\"elementor-column elementor-col-100 elementor-top-column elementor-element elementor-element-1fa15f77\" data-id=\"1fa15f77\" data-element_type=\"column\" data-e-type=\"column\">\n\t\t\t<div class=\"elementor-widget-wrap elementor-element-populated\">\n\t\t\t\t\t\t<div class=\"elementor-element elementor-element-767d0bdf elementor-widget elementor-widget-heading\" data-id=\"767d0bdf\" data-element_type=\"widget\" data-e-type=\"widget\" data-widget_type=\"heading.default\">\n\t\t\t\t<div class=\"elementor-widget-container\">\n\t\t\t\t\t<h2 class=\"elementor-heading-title elementor-size-default\">Our Products<\/h2>\t\t\t\t<\/div>\n\t\t\t\t<\/div>\n\t\t\t\t\t<\/div>\n\t\t<\/div>\n\t\t\t\t\t<\/div>\n\t\t<\/section>\n\t\t\t\t<section class=\"elementor-section elementor-top-section elementor-element elementor-element-be834b0 elementor-section-boxed elementor-section-height-default elementor-section-height-default\" data-id=\"be834b0\" data-element_type=\"section\" data-e-type=\"section\">\n\t\t\t\t\t\t<div class=\"elementor-container elementor-column-gap-default\">\n\t\t\t\t\t<div class=\"elementor-column elementor-col-100 elementor-top-column elementor-element elementor-element-154f005\" data-id=\"154f005\" data-element_type=\"column\" data-e-type=\"column\">\n\t\t\t<div class=\"elementor-widget-wrap elementor-element-populated\">\n\t\t\t\t\t\t<div class=\"elementor-element elementor-element-cd9092c elementor-widget elementor-widget-spacer\" data-id=\"cd9092c\" data-element_type=\"widget\" data-e-type=\"widget\" data-widget_type=\"spacer.default\">\n\t\t\t\t<div class=\"elementor-widget-container\">\n\t\t\t\t\t\t\t<div class=\"elementor-spacer\">\n\t\t\t<div class=\"elementor-spacer-inner\"><\/div>\n\t\t<\/div>\n\t\t\t\t\t\t<\/div>\n\t\t\t\t<\/div>\n\t\t\t\t<div class=\"elementor-element elementor-element-dabe8c0 elementor-widget elementor-widget-heading\" data-id=\"dabe8c0\" data-element_type=\"widget\" data-e-type=\"widget\" data-widget_type=\"heading.default\">\n\t\t\t\t<div class=\"elementor-widget-container\">\n\t\t\t\t\t<h2 class=\"elementor-heading-title elementor-size-default\">Routers<\/h2>\t\t\t\t<\/div>\n\t\t\t\t<\/div>\n\t\t\t\t<div class=\"elementor-element elementor-element-db25894 elementor-widget elementor-widget-text-editor\" data-id=\"db25894\" data-element_type=\"widget\" data-e-type=\"widget\" data-widget_type=\"text-editor.default\">\n\t\t\t\t<div class=\"elementor-widget-container\">\n\t\t\t\t\t\t\t\t\t<p>Get included Wi-Fi gear and use our Wi-Fi guide to get the most out of your device.<\/p>\t\t\t\t\t\t\t\t<\/div>\n\t\t\t\t<\/div>\n\t\t\t\t\t<\/div>\n\t\t<\/div>\n\t\t\t\t\t<\/div>\n\t\t<\/section>\n\t\t\t\t<section class=\"elementor-section elementor-top-section elementor-element elementor-element-60b060e elementor-section-boxed elementor-section-height-default elementor-section-height-default\" data-id=\"60b060e\" data-element_type=\"section\" data-e-type=\"section\">\n\t\t\t\t\t\t<div class=\"elementor-container elementor-column-gap-default\">\n\t\t\t\t\t<div class=\"elementor-column elementor-col-50 elementor-top-column elementor-element elementor-element-d2267c0\" data-id=\"d2267c0\" data-element_type=\"column\" data-e-type=\"column\">\n\t\t\t<div class=\"elementor-widget-wrap elementor-element-populated\">\n\t\t\t\t\t\t<div class=\"elementor-element elementor-element-62ee0ed elementor-widget elementor-widget-heading\" data-id=\"62ee0ed\" data-element_type=\"widget\" data-e-type=\"widget\" data-widget_type=\"heading.default\">\n\t\t\t\t<div class=\"elementor-widget-container\">\n\t\t\t\t\t<h2 class=\"elementor-heading-title elementor-size-default\">Wireless Router UBNT UAP-AC-PRO<\/h2>\t\t\t\t<\/div>\n\t\t\t\t<\/div>\n\t\t\t\t<div class=\"elementor-element elementor-element-4d9f4dd elementor-pagination-position-outside elementor-widget elementor-widget-image-carousel\" data-id=\"4d9f4dd\" data-element_type=\"widget\" data-e-type=\"widget\" data-settings=\"{&quot;slides_to_show&quot;:&quot;1&quot;,&quot;navigation&quot;:&quot;dots&quot;,&quot;autoplay&quot;:&quot;yes&quot;,&quot;pause_on_hover&quot;:&quot;yes&quot;,&quot;pause_on_interaction&quot;:&quot;yes&quot;,&quot;autoplay_speed&quot;:5000,&quot;infinite&quot;:&quot;yes&quot;,&quot;effect&quot;:&quot;slide&quot;,&quot;speed&quot;:500}\" data-widget_type=\"image-carousel.default\">\n\t\t\t\t<div class=\"elementor-widget-container\">\n\t\t\t\t\t\t\t<div class=\"elementor-image-carousel-wrapper swiper\" role=\"region\" aria-roledescription=\"carousel\" aria-label=\"Image Carousel\" dir=\"ltr\" data-no-translation-aria-label=\"\">\n\t\t\t<div class=\"elementor-image-carousel swiper-wrapper\" aria-live=\"off\">\n\t\t\t\t\t\t\t\t<div class=\"swiper-slide\" role=\"group\" aria-roledescription=\"slide\" aria-label=\"1 of 3\" data-no-translation-aria-label=\"\"><figure class=\"swiper-slide-inner\"><img decoding=\"async\" class=\"swiper-slide-image\" src=\"https:\/\/www.reycom.cr\/wp-content\/uploads\/2020\/07\/Imagen-1-252x300.png\" alt=\"Imagen 1\" \/><\/figure><\/div><div class=\"swiper-slide\" role=\"group\" aria-roledescription=\"slide\" aria-label=\"2 of 3\" data-no-translation-aria-label=\"\"><figure class=\"swiper-slide-inner\"><img decoding=\"async\" class=\"swiper-slide-image\" src=\"https:\/\/www.reycom.cr\/wp-content\/uploads\/2020\/07\/Imagen-2-300x256.png\" alt=\"Imagen 2\" \/><\/figure><\/div><div class=\"swiper-slide\" role=\"group\" aria-roledescription=\"slide\" aria-label=\"3 of 3\" data-no-translation-aria-label=\"\"><figure class=\"swiper-slide-inner\"><img decoding=\"async\" class=\"swiper-slide-image\" src=\"https:\/\/www.reycom.cr\/wp-content\/uploads\/2020\/07\/Imagen-3-300x287.png\" alt=\"Imagen 3\" \/><\/figure><\/div>\t\t\t<\/div>\n\t\t\t\t\t\t\t\n\t\t\t\t\t\t\t\t\t<div class=\"swiper-pagination\"><\/div>\n\t\t\t\t\t\t\t\t\t<\/div>\n\t\t\t\t\t\t<\/div>\n\t\t\t\t<\/div>\n\t\t\t\t<div class=\"elementor-element elementor-element-c993d94 elementor-widget elementor-widget-text-editor\" data-id=\"c993d94\" data-element_type=\"widget\" data-e-type=\"widget\" data-widget_type=\"text-editor.default\">\n\t\t\t\t<div class=\"elementor-widget-container\">\n\t\t\t\t\t\t\t\t\t<p><strong>Modo de operaci\u00f3n:<\/strong>\u00a0Acces Point y Repetidor Uplink (repetidor inal\u00e1mbrico de UAP UniFi cableado).<\/p><p><strong>\u00a0<\/strong><strong>Caracter\u00edsticas principales:<\/strong><br \/>Est\u00e1ndar Wi-Fi 802.11a\/b\/g\/n\/ac<\/p><p>Doble banda 5GHz y 2.4 GHz<\/p><p>MIMO 3X3<\/p><p>Hasta 1300 Mbps en 5GHz (802.11ac)<\/p><p>Hasta 450 Mbps en 2.4GHz y 5 GHz (802.11n)<\/p><p>1 Puerto Gigabit<\/p><p>10\/100\/100 Mbps.<\/p><p>1 Puerto Gigabit secundario para pasar datos.<\/p><p>1 Puerto USB para alimentacion de salida.<\/p><p>Dos antenas duales de 3 dBi<\/p><p>Alimentaci\u00f3n de entrada: PoE pasivo 48V 0.5A, soporta alimentaci\u00f3n 802.3af\/at<\/p><p>Potencia de salida: 160 mW por banda<\/p><p>Consumo m\u00e1ximo de energ\u00eda: 9 W.<\/p><p>Soporta hasta 8\u00a0SSID<\/p><p>Dimensiones\u00a0196.7 x 196.7 x 35 mm<\/p>\t\t\t\t\t\t\t\t<\/div>\n\t\t\t\t<\/div>\n\t\t\t\t<div class=\"elementor-element elementor-element-916107b elementor-widget elementor-widget-heading\" data-id=\"916107b\" data-element_type=\"widget\" data-e-type=\"widget\" data-widget_type=\"heading.default\">\n\t\t\t\t<div class=\"elementor-widget-container\">\n\t\t\t\t\t<h3 class=\"elementor-heading-title elementor-size-default\">Precio: $180 i.v.i. (Subsidiado)<\/h3>\t\t\t\t<\/div>\n\t\t\t\t<\/div>\n\t\t\t\t<div class=\"elementor-element elementor-element-6769a1c elementor-widget elementor-widget-spacer\" data-id=\"6769a1c\" data-element_type=\"widget\" data-e-type=\"widget\" data-widget_type=\"spacer.default\">\n\t\t\t\t<div class=\"elementor-widget-container\">\n\t\t\t\t\t\t\t<div class=\"elementor-spacer\">\n\t\t\t<div class=\"elementor-spacer-inner\"><\/div>\n\t\t<\/div>\n\t\t\t\t\t\t<\/div>\n\t\t\t\t<\/div>\n\t\t\t\t<div class=\"elementor-element elementor-element-42ad296 elementor-widget elementor-widget-heading\" data-id=\"42ad296\" data-element_type=\"widget\" data-e-type=\"widget\" data-widget_type=\"heading.default\">\n\t\t\t\t<div class=\"elementor-widget-container\">\n\t\t\t\t\t<h4 class=\"elementor-heading-title elementor-size-default\">Especificaciones<\/h4>\t\t\t\t<\/div>\n\t\t\t\t<\/div>\n\t\t\t\t<div class=\"elementor-element elementor-element-892bb5c elementor-widget elementor-widget-text-editor\" data-id=\"892bb5c\" data-element_type=\"widget\" data-e-type=\"widget\" data-widget_type=\"text-editor.default\">\n\t\t\t\t<div class=\"elementor-widget-container\">\n\t\t\t\t\t\t\t\t\t<div><table width=\"219\"><tbody><tr><td colspan=\"2\" width=\"445\">UAP-AC-PRO<\/td><\/tr><tr><td width=\"160\">Dimensiones<\/td><td width=\"285\">196,7 x196,7 x 35 mm (7,74 x 7,74 x 1,38\u2033)<\/td><\/tr><tr><td width=\"160\">Peso<\/td><td width=\"285\">350 g (12,35 oz) 450 g (15,87 oz)<\/td><\/tr><tr><td width=\"160\">Interfaz de red<\/td><td width=\"285\">(2) puertos Ethernet 10\/100\/1000<\/td><\/tr><tr><td width=\"160\">Botones<\/td><td width=\"285\">Reset (Restablecer)<\/td><\/tr><tr><td width=\"160\">Me\u0301todo de alimentacio\u0301n<\/td><td width=\"285\">PoE 802.3af\/802.3at<\/td><\/tr><tr><td width=\"160\">Fuente de alimentacio\u0301n<\/td><td width=\"285\">Interruptor UniFi (PoE)<\/td><\/tr><tr><td width=\"160\">Consumo ma\u0301ximo de energi\u0301a<\/td><td width=\"285\">9W<\/td><\/tr><tr><td width=\"160\">Frecuencia operativa<\/td><td width=\"285\">2,4 GHz 5 GHz<\/td><\/tr><tr><td width=\"160\">Potencia ma\u0301xima de transmisio\u0301n2,4 GHz 5 GHz<\/td><td width=\"285\">22 dBm 22 dBm<\/td><\/tr><tr><td width=\"160\">Antenas<\/td><td width=\"285\">(3) antenas de banda dual de 3 dBi cada una<\/td><\/tr><tr><td width=\"160\">Esta\u0301ndares Wi-Fi<\/td><td width=\"285\">802.11 a\/b\/g\/n\/ac<\/td><\/tr><tr><td width=\"160\">Seguridad inala\u0301mbrica<\/td><td width=\"285\">WEP, WPA-PSK, WPA-Enterprise (WPA\/WPA2, TKIP\/AES)<\/td><\/tr><tr><td width=\"160\">Montaje<\/td><td width=\"285\">Pared\/techo (kits incluidos)<\/td><\/tr><tr><td width=\"160\">Temperatura de funcionamiento<\/td><td width=\"285\">De -10 a 70\u00b0 C (de 14 a 158\u00b0 F)<\/td><\/tr><tr><td width=\"160\">Humedad de funcionamiento<\/td><td width=\"285\">Del 5 a 95% sin condensacio\u0301n<\/td><\/tr><tr><td width=\"160\">Certificaciones<\/td><td width=\"285\">CE, FCC, IC<\/td><\/tr><\/tbody><\/table><\/div>\t\t\t\t\t\t\t\t<\/div>\n\t\t\t\t<\/div>\n\t\t\t\t\t<\/div>\n\t\t<\/div>\n\t\t\t\t<div class=\"elementor-column elementor-col-50 elementor-top-column elementor-element elementor-element-dc773ad\" data-id=\"dc773ad\" data-element_type=\"column\" data-e-type=\"column\">\n\t\t\t<div class=\"elementor-widget-wrap elementor-element-populated\">\n\t\t\t\t\t\t<div class=\"elementor-element elementor-element-c1f88ef elementor-widget elementor-widget-heading\" data-id=\"c1f88ef\" data-element_type=\"widget\" data-e-type=\"widget\" data-widget_type=\"heading.default\">\n\t\t\t\t<div class=\"elementor-widget-container\">\n\t\t\t\t\t<h2 class=\"elementor-heading-title elementor-size-default\">Wireless Router Nexxt Conectividad<\/h2>\t\t\t\t<\/div>\n\t\t\t\t<\/div>\n\t\t\t\t<div class=\"elementor-element elementor-element-7d22b9b elementor-pagination-position-outside elementor-widget elementor-widget-image-carousel\" data-id=\"7d22b9b\" data-element_type=\"widget\" data-e-type=\"widget\" data-settings=\"{&quot;slides_to_show&quot;:&quot;1&quot;,&quot;navigation&quot;:&quot;dots&quot;,&quot;autoplay&quot;:&quot;yes&quot;,&quot;pause_on_hover&quot;:&quot;yes&quot;,&quot;pause_on_interaction&quot;:&quot;yes&quot;,&quot;autoplay_speed&quot;:5000,&quot;infinite&quot;:&quot;yes&quot;,&quot;effect&quot;:&quot;slide&quot;,&quot;speed&quot;:500}\" data-widget_type=\"image-carousel.default\">\n\t\t\t\t<div class=\"elementor-widget-container\">\n\t\t\t\t\t\t\t<div class=\"elementor-image-carousel-wrapper swiper\" role=\"region\" aria-roledescription=\"carousel\" aria-label=\"Image Carousel\" dir=\"ltr\" data-no-translation-aria-label=\"\">\n\t\t\t<div class=\"elementor-image-carousel swiper-wrapper\" aria-live=\"off\">\n\t\t\t\t\t\t\t\t<div class=\"swiper-slide\" role=\"group\" aria-roledescription=\"slide\" aria-label=\"1 of 3\" data-no-translation-aria-label=\"\"><figure class=\"swiper-slide-inner\"><img decoding=\"async\" class=\"swiper-slide-image\" src=\"https:\/\/www.reycom.cr\/wp-content\/uploads\/2020\/07\/Imagen-4-300x227.png\" alt=\"Imagen 4\" \/><\/figure><\/div><div class=\"swiper-slide\" role=\"group\" aria-roledescription=\"slide\" aria-label=\"2 of 3\" data-no-translation-aria-label=\"\"><figure class=\"swiper-slide-inner\"><img decoding=\"async\" class=\"swiper-slide-image\" src=\"https:\/\/www.reycom.cr\/wp-content\/uploads\/2020\/07\/Imagen-6-300x271.png\" alt=\"Imagen 6\" \/><\/figure><\/div><div class=\"swiper-slide\" role=\"group\" aria-roledescription=\"slide\" aria-label=\"3 of 3\" data-no-translation-aria-label=\"\"><figure class=\"swiper-slide-inner\"><img decoding=\"async\" class=\"swiper-slide-image\" src=\"https:\/\/www.reycom.cr\/wp-content\/uploads\/2020\/07\/Imagen-5-219x300.png\" alt=\"Imagen 5\" \/><\/figure><\/div>\t\t\t<\/div>\n\t\t\t\t\t\t\t\n\t\t\t\t\t\t\t\t\t<div class=\"swiper-pagination\"><\/div>\n\t\t\t\t\t\t\t\t\t<\/div>\n\t\t\t\t\t\t<\/div>\n\t\t\t\t<\/div>\n\t\t\t\t<div class=\"elementor-element elementor-element-db6c2ac elementor-widget elementor-widget-text-editor\" data-id=\"db6c2ac\" data-element_type=\"widget\" data-e-type=\"widget\" data-widget_type=\"text-editor.default\">\n\t\t\t\t<div class=\"elementor-widget-container\">\n\t\t\t\t\t\t\t\t\t<p><strong>MODELO:<\/strong> ARNEL904U1<\/p><p>Ideal para entornos residenciales y empresariales de menor escala, en donde se utilizan m\u00faltiples dispositivos digitales en forma simult\u00e1nea.<\/p><p><strong>Caracter\u00edsticas principales:<\/strong><\/p><p>Router inal\u00e1mbrico AC\u2028<\/p><p>Dos bandas simultaneas ofrecen un rendimiento insuperable.<\/p><p>1200Mbps (300Mbps en la banda de 2.4GHz \/ 867Mbps en la de 5.0GHz)\u2028.<\/p><p>Admite un (1) puerto WAN y dos (2) puertos LAN de 10\/100Mbps.<\/p><p>Funciona como router inal\u00e1mbrico y repetidor universal\u2028.<\/p><p>T\u00e9cnica de concentraci\u00f3n del haz crea un enlace directo para la transmisi\u00f3n de datos\u2028.<\/p><p>Acceso para hu\u00e9sped en redes segmentadas\u2028.<\/p><p>Control de acceso para menores\u2028.<\/p><p>Control de amplitud define la prioridad del tr\u00e1fico para aplicaciones que demandan el uso intensivo del ancho de banda\u2028.<\/p><p>M\u00e9todos criptogr\u00e1ficos avanzados de seguridad inal\u00e1mbrica\u2028.<\/p><p>Puente WDS inal\u00e1mbrico para la f\u00e1cil conexi\u00f3n y expansi\u00f3n de la red.<\/p><p>Velocidades hasta 4 veces m\u00e1s r\u00e1pidas que el protocolo inal\u00e1mbrico- N de 300Mbps.<\/p>\t\t\t\t\t\t\t\t<\/div>\n\t\t\t\t<\/div>\n\t\t\t\t<div class=\"elementor-element elementor-element-3f7db5a elementor-widget elementor-widget-heading\" data-id=\"3f7db5a\" data-element_type=\"widget\" data-e-type=\"widget\" data-widget_type=\"heading.default\">\n\t\t\t\t<div class=\"elementor-widget-container\">\n\t\t\t\t\t<h3 class=\"elementor-heading-title elementor-size-default\">Precio: $50 i.v.i.<\/h3>\t\t\t\t<\/div>\n\t\t\t\t<\/div>\n\t\t\t\t<div class=\"elementor-element elementor-element-832a961 elementor-widget elementor-widget-spacer\" data-id=\"832a961\" data-element_type=\"widget\" data-e-type=\"widget\" data-widget_type=\"spacer.default\">\n\t\t\t\t<div class=\"elementor-widget-container\">\n\t\t\t\t\t\t\t<div class=\"elementor-spacer\">\n\t\t\t<div class=\"elementor-spacer-inner\"><\/div>\n\t\t<\/div>\n\t\t\t\t\t\t<\/div>\n\t\t\t\t<\/div>\n\t\t\t\t<div class=\"elementor-element elementor-element-275352b elementor-widget elementor-widget-heading\" data-id=\"275352b\" data-element_type=\"widget\" data-e-type=\"widget\" data-widget_type=\"heading.default\">\n\t\t\t\t<div class=\"elementor-widget-container\">\n\t\t\t\t\t<h4 class=\"elementor-heading-title elementor-size-default\">Especificaciones<\/h4>\t\t\t\t<\/div>\n\t\t\t\t<\/div>\n\t\t\t\t<div class=\"elementor-element elementor-element-6695e69 elementor-widget elementor-widget-text-editor\" data-id=\"6695e69\" data-element_type=\"widget\" data-e-type=\"widget\" data-widget_type=\"text-editor.default\">\n\t\t\t\t<div class=\"elementor-widget-container\">\n\t\t\t\t\t\t\t\t\t<table width=\"381\"><tbody><tr><td colspan=\"2\" width=\"445\">ARNEL904U1<\/td><\/tr><tr><td width=\"160\">Dimensiones<\/td><td width=\"285\">140x100x30mm<\/td><\/tr><tr><td width=\"160\">Peso<\/td><td width=\"285\">0,14kg<\/td><\/tr><tr><td width=\"160\">Interfaz de red<\/td><td width=\"285\">Un puerto WAN de 10\/100Mbps Dos puertos LAN de 10\/100Mbps<\/td><\/tr><tr><td width=\"160\">Botones<\/td><td width=\"285\">WPS\/Reinicio<\/td><\/tr><tr><td width=\"160\">Me\u0301todo de alimentacio\u0301n<\/td><td width=\"285\">9V\/0,8A<\/td><\/tr><tr><td width=\"160\">Frecuencia operativa<\/td><td width=\"285\">2.4GHz y 5GHz<\/td><\/tr><tr><td width=\"160\">Potencia de RF<\/td><td width=\"285\"><ul><li>5GHz: 11g: 15dBm, HT20MCS7: 14dBm, HT40MCS7: 14dBm, HT80MCS9: 13dBm<\/li><li>2.4GHz: CCK: 20dBm, 11g: 17dBm, HT20MCS7: 17dBm, HT40MCS7: 16dBm<\/li><\/ul><\/td><\/tr><tr><td width=\"160\">Antenas<\/td><td width=\"285\">Dos omnidireccionales de 5dBi<\/td><\/tr><tr><td width=\"160\">Velocidad inal\u00e1mbrica<\/td><td width=\"285\">300Mbps en la frecuencia de 2.4GHz + 867Mbps en la de 5.0GHz<\/td><\/tr><tr><td width=\"160\">Indicadores LED<\/td><td width=\"285\">Sistema\/Conexi\u00f3n, WPS, 2.4GHz, 5GHz, LAN<\/td><\/tr><tr><td width=\"160\">Seguridad<\/td><td width=\"285\">WPA-PSK\/WPA2-PSK Vinculaci\u00f3n IP, ACL (lista blanca\/negra), cortafuego, administraci\u00f3n remota<\/td><\/tr><tr><td width=\"160\">Modalidades de funcionamiento<\/td><td width=\"285\">Router inal\u00e1mbrico, repetidor universal y WISP<\/td><\/tr><tr><td width=\"160\">Tipo de conexi\u00f3n a internet<\/td><td width=\"285\">IP din\u00e1mico, PPPoE, IP est\u00e1tico<\/td><\/tr><tr><td width=\"160\">DHCP<\/td><td width=\"285\">Servidor DHC, cliente DHCP, servidor DHCP inhabilitado<\/td><\/tr><tr><td width=\"160\">Control del ancho de banda<\/td><td width=\"285\">Incluido<\/td><\/tr><tr><td width=\"160\">DDNS<\/td><td width=\"285\">3322.org\u00a0\/\u00a0ods.org\u00a0\/ no-ip \/\u00a0dhs.org\u00a0\/ easydns \/ Dyndns.org\u00a0freedns.afraid.org\/ zoneedit \/ tzo \/ sitelutions \/ dnsomatic \/ zerigo<\/td><\/tr><tr><td width=\"160\">Servidor virtual<\/td><td width=\"285\">Redireccionamiento de puertos, anfitri\u00f3n DMZ y UPnP<\/td><\/tr><tr><td width=\"160\">VPN<\/td><td width=\"285\">Medios de transferencia: PPTP, L2TP, IPSec<\/td><\/tr><tr><td width=\"160\">Temperatura de funcionamiento<\/td><td width=\"285\">\u00a00\u00b0C-40\u00b0C<\/td><\/tr><tr><td width=\"160\">Humedad de funcionamiento<\/td><td width=\"285\">\u00a010%-90% no condensada<\/td><\/tr><tr><td width=\"160\">Certificados<\/td><td width=\"285\">FCC (Comisi\u00f3n Federal de Comunicaciones)<\/td><\/tr><\/tbody><\/table>\t\t\t\t\t\t\t\t<\/div>\n\t\t\t\t<\/div>\n\t\t\t\t\t<\/div>\n\t\t<\/div>\n\t\t\t\t\t<\/div>\n\t\t<\/section>\n\t\t\t\t<\/div>","protected":false},"excerpt":{"rendered":"<p>Nuestros productos Routers Obtenga equipo con Wi-Fi incluido y utilice nuestra gu\u00eda Wi-Fi para obtener el m\u00e1ximo provecho de su dispositivo. Router inal\u00e1mbrico UBNT UAP-AC-PRO&hellip;<\/p>","protected":false},"author":1,"featured_media":0,"parent":0,"menu_order":3,"comment_status":"closed","ping_status":"closed","template":"","meta":{"footnotes":""},"class_list":["post-57","page","type-page","status-publish","hentry"],"_links":{"self":[{"href":"https:\/\/www.reycom.cr\/en\/wp-json\/wp\/v2\/pages\/57","targetHints":{"allow":["GET"]}}],"collection":[{"href":"https:\/\/www.reycom.cr\/en\/wp-json\/wp\/v2\/pages"}],"about":[{"href":"https:\/\/www.reycom.cr\/en\/wp-json\/wp\/v2\/types\/page"}],"author":[{"embeddable":true,"href":"https:\/\/www.reycom.cr\/en\/wp-json\/wp\/v2\/users\/1"}],"replies":[{"embeddable":true,"href":"https:\/\/www.reycom.cr\/en\/wp-json\/wp\/v2\/comments?post=57"}],"version-history":[{"count":7,"href":"https:\/\/www.reycom.cr\/en\/wp-json\/wp\/v2\/pages\/57\/revisions"}],"predecessor-version":[{"id":711,"href":"https:\/\/www.reycom.cr\/en\/wp-json\/wp\/v2\/pages\/57\/revisions\/711"}],"wp:attachment":[{"href":"https:\/\/www.reycom.cr\/en\/wp-json\/wp\/v2\/media?parent=57"}],"curies":[{"name":"wp","href":"https:\/\/api.w.org\/{rel}","templated":true}]}}