{"id":288,"date":"2020-07-20T18:21:43","date_gmt":"2020-07-21T00:21:43","guid":{"rendered":"http:\/\/redesycomunicacion.com\/wp\/?page_id=2"},"modified":"2021-06-02T14:42:35","modified_gmt":"2021-06-02T20:42:35","slug":"empresa","status":"publish","type":"page","link":"https:\/\/www.reycom.cr\/en\/empresa\/","title":{"rendered":"Company"},"content":{"rendered":"<div data-elementor-type=\"wp-page\" data-elementor-id=\"288\" class=\"elementor elementor-288\">\n\t\t\t\t\t\t<section class=\"elementor-section elementor-top-section elementor-element elementor-element-5f59dd8e elementor-section-full_width elementor-section-height-min-height elementor-section-stretched elementor-section-height-default elementor-section-items-middle\" data-id=\"5f59dd8e\" data-element_type=\"section\" data-e-type=\"section\" data-settings=\"{&quot;stretch_section&quot;:&quot;section-stretched&quot;,&quot;background_background&quot;:&quot;classic&quot;}\">\n\t\t\t\t\t\t\t<div class=\"elementor-background-overlay\"><\/div>\n\t\t\t\t\t\t\t<div class=\"elementor-container elementor-column-gap-no\">\n\t\t\t\t\t<div class=\"elementor-column elementor-col-100 elementor-top-column elementor-element elementor-element-65966bf0\" data-id=\"65966bf0\" data-element_type=\"column\" data-e-type=\"column\">\n\t\t\t<div class=\"elementor-widget-wrap elementor-element-populated\">\n\t\t\t\t\t\t<div class=\"elementor-element elementor-element-434f6c86 elementor-widget elementor-widget-heading\" data-id=\"434f6c86\" data-element_type=\"widget\" data-e-type=\"widget\" data-widget_type=\"heading.default\">\n\t\t\t\t<div class=\"elementor-widget-container\">\n\t\t\t\t\t<h2 class=\"elementor-heading-title elementor-size-default\">Our company<\/h2>\t\t\t\t<\/div>\n\t\t\t\t<\/div>\n\t\t\t\t\t<\/div>\n\t\t<\/div>\n\t\t\t\t\t<\/div>\n\t\t<\/section>\n\t\t\t\t<section class=\"elementor-section elementor-top-section elementor-element elementor-element-3c25188b elementor-section-content-middle elementor-section-stretched elementor-section-boxed elementor-section-height-default elementor-section-height-default\" data-id=\"3c25188b\" data-element_type=\"section\" data-e-type=\"section\" id=\"indicadorescalidad\" data-settings=\"{&quot;stretch_section&quot;:&quot;section-stretched&quot;}\">\n\t\t\t\t\t\t<div class=\"elementor-container elementor-column-gap-no\">\n\t\t\t\t\t<div class=\"elementor-column elementor-col-100 elementor-top-column elementor-element elementor-element-634cb58f\" data-id=\"634cb58f\" data-element_type=\"column\" data-e-type=\"column\">\n\t\t\t<div class=\"elementor-widget-wrap elementor-element-populated\">\n\t\t\t\t\t\t<div class=\"elementor-element elementor-element-bb4b96c elementor-widget elementor-widget-heading\" data-id=\"bb4b96c\" data-element_type=\"widget\" data-e-type=\"widget\" data-widget_type=\"heading.default\">\n\t\t\t\t<div class=\"elementor-widget-container\">\n\t\t\t\t\t<h4 class=\"elementor-heading-title elementor-size-default\">Quality indicators<\/h4>\t\t\t\t<\/div>\n\t\t\t\t<\/div>\n\t\t\t\t<div class=\"elementor-element elementor-element-38caa9e0 elementor-widget elementor-widget-text-editor\" data-id=\"38caa9e0\" data-element_type=\"widget\" data-e-type=\"widget\" data-widget_type=\"text-editor.default\">\n\t\t\t\t<div class=\"elementor-widget-container\">\n\t\t\t\t\t\t\t\t\t<section data-id=\"f55ed70\" data-element_type=\"section\"><div><div><div data-id=\"20231ef\" data-element_type=\"column\"><div><div><div data-id=\"550a370\" data-element_type=\"widget\" data-widget_type=\"wp-widget-text.default\"><div><h4 style=\"text-align: center;\"><strong>Service installation term<\/strong><\/h4><div><p>The term of installation of the services is defined in the contract that the client signs with <strong>RE&amp;COM<\/strong>. <strong>RE&amp;COM<\/strong> in turn will install the contracted service, within the terms established in the indicator of 'service delivery time' (IC-1) regulated in the Regulation of Provision and Quality of Services (RPCS in Spanish), counting from the subscription as defined below:<\/p><ul><li>Immediately available infrastructure (IDI): Cases in which, when <strong>RE&amp;COM<\/strong> receives a valid service order, there is already installed physical infrastructure that connects the site where the provision of the service is requested with the <strong>RE&amp;COM<\/strong> access network and this physical infrastructure allows the service to be activated immediately. The term will be 5 business days for 2019 and 4 business days for 2020 onwards.<\/li><\/ul><ul><li>Infrastructure not immediately available (IND): Cases in which, upon receipt of <strong>RE&amp;COM<\/strong> receives a valid service order, there is already installed physical infrastructure that connects the site where the provision of the service is requested with the <strong>RE&amp;COM<\/strong>, but <strong>RE&amp;COM<\/strong> must perform field work to activate the fixed service in question. The term will be 17 business days for 2019 and 10 business days for 2020 onwards.<\/li><\/ul><ul><li>Non-existent external infrastructure (INE): Cases in which, when <strong>RE&amp;COM<\/strong> receives a valid service order, <strong>RE&amp;COM<\/strong> offers services in the area where the service provision is requested, but there is no physical infrastructure that connects the site where the provision of the service with the <strong>RE&amp;COM<\/strong>access network is requested. The term will be 30 business days for 2019 and 20 business days for 2020 onwards.<\/li><\/ul><p>The installation of the Services will take place on business days. In any case, <strong>RE&amp;COM<\/strong> professionals who need to enter the Client's facilities will do so duly identified, after coordination between the parties.<\/p><p>In the event that the client voluntarily withdraws from the contracted service, he may request <strong>RE&amp;COM<\/strong> to cancel the order to install the service and reimburse the canceled amount and, where appropriate, the return of the purchased equipment. In the event that the equipment cannot be installed for reasons attributable to the customer, <strong>RE&amp;COM<\/strong> may cancel the installation order.<\/p><\/div><\/div><\/div><\/div><\/div><\/div><\/div><\/div><\/section><section data-id=\"6f44828\" data-element_type=\"section\"><div><div><div data-id=\"f452c1c\" data-element_type=\"column\"><div><div><div data-id=\"9f0d400\" data-element_type=\"widget\" data-widget_type=\"wp-widget-text.default\"><div><h4 style=\"text-align: center;\"><strong>Quality of service<\/strong><\/h4><div><p><strong>RE&amp;COM<\/strong> undertakes to provide its services in accordance with the quality levels established in current telecommunications regulations, the following:<\/p><ul><li>Availability of the Service. The availability of the service associated with the core network (IC-7) is defined as the number of hours within a month in which a telecommunications service is available and associated with the correct operation of the core network that supports it. The total hours of availability is obtained by subtracting the time of unavailability from the total time of hours of the corresponding month. <strong>RE&amp;COM<\/strong> must comply with a service availability associated with the core network greater than or equal to 99.97%.<\/li><\/ul><ul><li>Local and International delay. For Contract purposes and according to the indicators ID-16 and ID-17 regulated in the Regulation of Provision and Quality of Services, the local delay will be understood as the round trip time (RTT), measured in milliseconds, of a packet of data sent to an Internet node in Costa Rica and by international delay, the round trip time (RTT) of a data packet sent to a main Internet node in an international location. The local delay will be less than 50 ms in 95% of the cases and the international delay 100 ms additional to the local delay.<\/li><\/ul><ul><li>Ratio of local or international data transfer speed to provisioned speed. It is the percentage relationship between the local or international reference speed (data transfer in bits per second), with respect to the provisioned speed. Regarding indicator IC-18, <strong>RE&amp;COM<\/strong> will meet the following threshold for fixed networks: Service: Fixed. Threshold: The baseline speed must be equal to or greater than eighty percent (80%) of the provisioned speed.<\/li><\/ul><p>The Client will be able to access at any time information on the conditions of provision and quality levels of the services contracted through the User Service Center of <strong>RE&amp;COM<\/strong>.<\/p><\/div><\/div><\/div><\/div><\/div><\/div><\/div><\/div><\/section><section data-id=\"f8ba402\" data-element_type=\"section\"><div><div><div data-id=\"fcb8c08\" data-element_type=\"column\"><div><div><div data-id=\"69f318d\" data-element_type=\"widget\" data-widget_type=\"wp-widget-text.default\"><div><h4 style=\"text-align: center;\"><strong>Attention and repair of failures that affect the service<\/strong><\/h4><div><p>For the purposes of contracting between <strong>RE&amp;COM<\/strong> and the client, the \"failure repair time\".<\/p><p>According to the IC-2 indicator regulated in the Regulation of Provision and Quality of Services, it will be within a maximum period of one (1) business day for 95% of cases, such period will extend from the moment the Client reports a failure to the <strong>RE&amp;COM<\/strong> Customer Service Center until the moment the service has been established for normal operation.<\/p><\/div><\/div><\/div><\/div><\/div><\/div><\/div><\/div><\/section><section data-id=\"aa629ff\" data-element_type=\"section\"><div><div><div data-id=\"f92d779\" data-element_type=\"column\"><div><div><div data-id=\"a5c895e\" data-element_type=\"widget\" data-widget_type=\"wp-widget-text.default\"><div><h4 style=\"text-align: center;\"><strong>Service reconnection<\/strong><\/h4><div><p>The Client must cancel the sums owed to make the reconnection request. <strong>RE&amp;COM<\/strong> will not charge the Client additional costs for reconnection. Once the Client cancels the amounts owed, <strong>RE&amp;COM<\/strong> must reconnect the services within one (1) business day, counted from the date of payment. The cases in which the delivery and configuration of terminal equipment to the client or the installation of physical infrastructure for access to the client is required will not be considered as reconnection of services.<\/p><\/div><\/div><\/div><\/div><\/div><\/div><\/div><\/div><\/section>\t\t\t\t\t\t\t\t<\/div>\n\t\t\t\t<\/div>\n\t\t\t\t\t<\/div>\n\t\t<\/div>\n\t\t\t\t\t<\/div>\n\t\t<\/section>\n\t\t\t\t<section class=\"elementor-section elementor-top-section elementor-element elementor-element-69a1ad5e elementor-section-content-middle elementor-section-stretched elementor-section-boxed elementor-section-height-default elementor-section-height-default\" data-id=\"69a1ad5e\" data-element_type=\"section\" data-e-type=\"section\" id=\"mediosdepago\" data-settings=\"{&quot;stretch_section&quot;:&quot;section-stretched&quot;,&quot;background_background&quot;:&quot;classic&quot;}\">\n\t\t\t\t\t\t<div class=\"elementor-container elementor-column-gap-no\">\n\t\t\t\t\t<div class=\"elementor-column elementor-col-100 elementor-top-column elementor-element elementor-element-a1902dd\" data-id=\"a1902dd\" data-element_type=\"column\" data-e-type=\"column\">\n\t\t\t<div class=\"elementor-widget-wrap elementor-element-populated\">\n\t\t\t\t\t\t<div class=\"elementor-element elementor-element-2c688c37 elementor-widget elementor-widget-heading\" data-id=\"2c688c37\" data-element_type=\"widget\" data-e-type=\"widget\" data-widget_type=\"heading.default\">\n\t\t\t\t<div class=\"elementor-widget-container\">\n\t\t\t\t\t<h4 class=\"elementor-heading-title elementor-size-default\">Payment<\/h4>\t\t\t\t<\/div>\n\t\t\t\t<\/div>\n\t\t\t\t<section class=\"elementor-section elementor-inner-section elementor-element elementor-element-75ceabf4 elementor-section-content-middle elementor-section-boxed elementor-section-height-default elementor-section-height-default\" data-id=\"75ceabf4\" data-element_type=\"section\" data-e-type=\"section\">\n\t\t\t\t\t\t<div class=\"elementor-container elementor-column-gap-no\">\n\t\t\t\t\t<div class=\"elementor-column elementor-col-33 elementor-inner-column elementor-element elementor-element-66b603a6\" data-id=\"66b603a6\" data-element_type=\"column\" data-e-type=\"column\">\n\t\t\t<div class=\"elementor-widget-wrap elementor-element-populated\">\n\t\t\t\t\t\t<div class=\"elementor-element elementor-element-290ae515 elementor-position-top elementor-widget elementor-widget-image-box\" data-id=\"290ae515\" data-element_type=\"widget\" data-e-type=\"widget\" data-widget_type=\"image-box.default\">\n\t\t\t\t<div class=\"elementor-widget-container\">\n\t\t\t\t\t<div class=\"elementor-image-box-wrapper\"><figure class=\"elementor-image-box-img\"><img decoding=\"async\" width=\"205\" height=\"205\" src=\"https:\/\/www.reycom.cr\/wp-content\/uploads\/2020\/09\/0001_001-money-transfer.png\" class=\"elementor-animation-grow attachment-full size-full wp-image-479\" alt=\"\" srcset=\"https:\/\/www.reycom.cr\/wp-content\/uploads\/2020\/09\/0001_001-money-transfer.png 205w, https:\/\/www.reycom.cr\/wp-content\/uploads\/2020\/09\/0001_001-money-transfer-150x150.png 150w\" sizes=\"(max-width: 205px) 100vw, 205px\" \/><\/figure><div class=\"elementor-image-box-content\"><h3 class=\"elementor-image-box-title\">Electronic transfer<\/h3><p class=\"elementor-image-box-description\">You can make your payment through the following accounts in the name of Red y Comunicaciones REYCOM del Sur S.A. Legal ID 3-101-669542<\/p><\/div><\/div>\t\t\t\t<\/div>\n\t\t\t\t<\/div>\n\t\t\t\t\t<\/div>\n\t\t<\/div>\n\t\t\t\t<div class=\"elementor-column elementor-col-33 elementor-inner-column elementor-element elementor-element-64bb5538\" data-id=\"64bb5538\" data-element_type=\"column\" data-e-type=\"column\">\n\t\t\t<div class=\"elementor-widget-wrap elementor-element-populated\">\n\t\t\t\t\t\t<div class=\"elementor-element elementor-element-2fae7a3 elementor-position-top elementor-widget elementor-widget-image-box\" data-id=\"2fae7a3\" data-element_type=\"widget\" data-e-type=\"widget\" data-widget_type=\"image-box.default\">\n\t\t\t\t<div class=\"elementor-widget-container\">\n\t\t\t\t\t<div class=\"elementor-image-box-wrapper\"><figure class=\"elementor-image-box-img\"><img decoding=\"async\" width=\"219\" height=\"219\" src=\"https:\/\/www.reycom.cr\/wp-content\/uploads\/2020\/09\/0000_002-payment-method.png\" class=\"elementor-animation-grow attachment-full size-full wp-image-478\" alt=\"\" srcset=\"https:\/\/www.reycom.cr\/wp-content\/uploads\/2020\/09\/0000_002-payment-method.png 219w, https:\/\/www.reycom.cr\/wp-content\/uploads\/2020\/09\/0000_002-payment-method-150x150.png 150w\" sizes=\"(max-width: 219px) 100vw, 219px\" \/><\/figure><div class=\"elementor-image-box-content\"><h3 class=\"elementor-image-box-title\">Cash<\/h3><p class=\"elementor-image-box-description\">You can pay for your services at our office located in Barrio San Andr\u00e9s, of the ICE agency 500m north, San Isidro de El General, P\u00e9rez Zeled\u00f3n only payments in cash.<\/p><\/div><\/div>\t\t\t\t<\/div>\n\t\t\t\t<\/div>\n\t\t\t\t\t<\/div>\n\t\t<\/div>\n\t\t\t\t<div class=\"elementor-column elementor-col-33 elementor-inner-column elementor-element elementor-element-24916965\" data-id=\"24916965\" data-element_type=\"column\" data-e-type=\"column\">\n\t\t\t<div class=\"elementor-widget-wrap elementor-element-populated\">\n\t\t\t\t\t\t<div class=\"elementor-element elementor-element-3ffd6d5c elementor-position-top elementor-widget elementor-widget-image-box\" data-id=\"3ffd6d5c\" data-element_type=\"widget\" data-e-type=\"widget\" data-widget_type=\"image-box.default\">\n\t\t\t\t<div class=\"elementor-widget-container\">\n\t\t\t\t\t<div class=\"elementor-image-box-wrapper\"><figure class=\"elementor-image-box-img\"><img decoding=\"async\" width=\"219\" height=\"219\" src=\"https:\/\/www.reycom.cr\/wp-content\/uploads\/2020\/09\/0002_003-click.png\" class=\"elementor-animation-grow attachment-full size-full wp-image-480\" alt=\"\" srcset=\"https:\/\/www.reycom.cr\/wp-content\/uploads\/2020\/09\/0002_003-click.png 219w, https:\/\/www.reycom.cr\/wp-content\/uploads\/2020\/09\/0002_003-click-150x150.png 150w\" sizes=\"(max-width: 219px) 100vw, 219px\" \/><\/figure><div class=\"elementor-image-box-content\"><h3 class=\"elementor-image-box-title\">Buy-click<\/h3><p class=\"elementor-image-box-description\">With any type of card, through the payment form (Sent at the request of the client, previously by e-mail)<\/p><\/div><\/div>\t\t\t\t<\/div>\n\t\t\t\t<\/div>\n\t\t\t\t\t<\/div>\n\t\t<\/div>\n\t\t\t\t\t<\/div>\n\t\t<\/section>\n\t\t\t\t\t<\/div>\n\t\t<\/div>\n\t\t\t\t\t<\/div>\n\t\t<\/section>\n\t\t\t\t<section class=\"elementor-section elementor-top-section elementor-element elementor-element-6ebf879 elementor-section-boxed elementor-section-height-default elementor-section-height-default\" data-id=\"6ebf879\" data-element_type=\"section\" data-e-type=\"section\">\n\t\t\t\t\t\t<div class=\"elementor-container elementor-column-gap-default\">\n\t\t\t\t\t<div class=\"elementor-column elementor-col-100 elementor-top-column elementor-element elementor-element-7170a81\" data-id=\"7170a81\" data-element_type=\"column\" data-e-type=\"column\">\n\t\t\t<div class=\"elementor-widget-wrap elementor-element-populated\">\n\t\t\t\t\t\t<div class=\"elementor-element elementor-element-7f72ec8 elementor-widget elementor-widget-spacer\" data-id=\"7f72ec8\" data-element_type=\"widget\" data-e-type=\"widget\" data-widget_type=\"spacer.default\">\n\t\t\t\t<div class=\"elementor-widget-container\">\n\t\t\t\t\t\t\t<div class=\"elementor-spacer\">\n\t\t\t<div class=\"elementor-spacer-inner\"><\/div>\n\t\t<\/div>\n\t\t\t\t\t\t<\/div>\n\t\t\t\t<\/div>\n\t\t\t\t<div class=\"elementor-element elementor-element-49fe70a elementor-widget elementor-widget-heading\" data-id=\"49fe70a\" data-element_type=\"widget\" data-e-type=\"widget\" data-widget_type=\"heading.default\">\n\t\t\t\t<div class=\"elementor-widget-container\">\n\t\t\t\t\t<h2 class=\"elementor-heading-title elementor-size-default\">Bank Accounts and Information<\/h2>\t\t\t\t<\/div>\n\t\t\t\t<\/div>\n\t\t\t\t\t<\/div>\n\t\t<\/div>\n\t\t\t\t\t<\/div>\n\t\t<\/section>\n\t\t\t\t<section class=\"elementor-section elementor-top-section elementor-element elementor-element-2345583 elementor-section-boxed elementor-section-height-default elementor-section-height-default\" data-id=\"2345583\" data-element_type=\"section\" data-e-type=\"section\">\n\t\t\t\t\t\t<div class=\"elementor-container elementor-column-gap-default\">\n\t\t\t\t\t<div class=\"elementor-column elementor-col-33 elementor-top-column elementor-element elementor-element-d9ccc96\" data-id=\"d9ccc96\" data-element_type=\"column\" data-e-type=\"column\">\n\t\t\t<div class=\"elementor-widget-wrap elementor-element-populated\">\n\t\t\t\t\t\t<div class=\"elementor-element elementor-element-dabd6db elementor-widget elementor-widget-image\" data-id=\"dabd6db\" data-element_type=\"widget\" data-e-type=\"widget\" data-widget_type=\"image.default\">\n\t\t\t\t<div class=\"elementor-widget-container\">\n\t\t\t\t\t\t\t\t\t\t\t\t\t\t\t<img loading=\"lazy\" decoding=\"async\" width=\"512\" height=\"246\" src=\"https:\/\/www.reycom.cr\/wp-content\/uploads\/2020\/07\/BN.jpg\" class=\"attachment-large size-large wp-image-131\" alt=\"\" srcset=\"https:\/\/www.reycom.cr\/wp-content\/uploads\/2020\/07\/BN.jpg 512w, https:\/\/www.reycom.cr\/wp-content\/uploads\/2020\/07\/BN-300x144.jpg 300w\" sizes=\"(max-width: 512px) 100vw, 512px\" \/>\t\t\t\t\t\t\t\t\t\t\t\t\t\t\t<\/div>\n\t\t\t\t<\/div>\n\t\t\t\t<div class=\"elementor-element elementor-element-bfade88 elementor-widget elementor-widget-text-editor\" data-id=\"bfade88\" data-element_type=\"widget\" data-e-type=\"widget\" data-widget_type=\"text-editor.default\">\n\t\t\t\t<div class=\"elementor-widget-container\">\n\t\t\t\t\t\t\t\t\t<p><span style=\"color: #808080;\"><strong><span style=\"font-family: arial, sans-serif; font-size: 14px; text-align: left;\">\u20a1<\/span><\/strong><\/span><strong style=\"color: var( --e-global-color-text ); font-family: var( --e-global-typography-text-font-family );\">\u00a0<\/strong><span style=\"color: var( --e-global-color-text ); font-family: var( --e-global-typography-text-font-family ); font-weight: var( --e-global-typography-text-font-weight );\">CR49015118620010110302<\/span><\/p><p><strong>$ <\/strong>CR98015118620020018649<\/p>\t\t\t\t\t\t\t\t<\/div>\n\t\t\t\t<\/div>\n\t\t\t\t\t<\/div>\n\t\t<\/div>\n\t\t\t\t<div class=\"elementor-column elementor-col-33 elementor-top-column elementor-element elementor-element-38c7758\" data-id=\"38c7758\" data-element_type=\"column\" data-e-type=\"column\">\n\t\t\t<div class=\"elementor-widget-wrap elementor-element-populated\">\n\t\t\t\t\t\t<div class=\"elementor-element elementor-element-8b955ed elementor-widget elementor-widget-image\" data-id=\"8b955ed\" data-element_type=\"widget\" data-e-type=\"widget\" data-widget_type=\"image.default\">\n\t\t\t\t<div class=\"elementor-widget-container\">\n\t\t\t\t\t\t\t\t\t\t\t\t\t\t\t<img loading=\"lazy\" decoding=\"async\" width=\"300\" height=\"175\" src=\"https:\/\/www.reycom.cr\/wp-content\/uploads\/2020\/09\/bac2-300x175.jpg\" class=\"attachment-medium size-medium wp-image-498\" alt=\"\" srcset=\"https:\/\/www.reycom.cr\/wp-content\/uploads\/2020\/09\/bac2-300x175.jpg 300w, https:\/\/www.reycom.cr\/wp-content\/uploads\/2020\/09\/bac2.jpg 768w\" sizes=\"(max-width: 300px) 100vw, 300px\" \/>\t\t\t\t\t\t\t\t\t\t\t\t\t\t\t<\/div>\n\t\t\t\t<\/div>\n\t\t\t\t<div class=\"elementor-element elementor-element-86ea320 elementor-widget elementor-widget-text-editor\" data-id=\"86ea320\" data-element_type=\"widget\" data-e-type=\"widget\" data-widget_type=\"text-editor.default\">\n\t\t\t\t<div class=\"elementor-widget-container\">\n\t\t\t\t\t\t\t\t\t<p style=\"text-align: center;\"><strong>$ <\/strong>CR60010200009415393973<\/p>\t\t\t\t\t\t\t\t<\/div>\n\t\t\t\t<\/div>\n\t\t\t\t\t<\/div>\n\t\t<\/div>\n\t\t\t\t<div class=\"elementor-column elementor-col-33 elementor-top-column elementor-element elementor-element-3eac75b\" data-id=\"3eac75b\" data-element_type=\"column\" data-e-type=\"column\">\n\t\t\t<div class=\"elementor-widget-wrap elementor-element-populated\">\n\t\t\t\t\t\t<div class=\"elementor-element elementor-element-72ad1e4 elementor-widget elementor-widget-image\" data-id=\"72ad1e4\" data-element_type=\"widget\" data-e-type=\"widget\" data-widget_type=\"image.default\">\n\t\t\t\t<div class=\"elementor-widget-container\">\n\t\t\t\t\t\t\t\t\t\t\t\t\t\t\t<img loading=\"lazy\" decoding=\"async\" width=\"300\" height=\"175\" src=\"https:\/\/www.reycom.cr\/wp-content\/uploads\/2020\/09\/simp2-300x175.jpg\" class=\"attachment-medium size-medium wp-image-501\" alt=\"\" srcset=\"https:\/\/www.reycom.cr\/wp-content\/uploads\/2020\/09\/simp2-300x175.jpg 300w, https:\/\/www.reycom.cr\/wp-content\/uploads\/2020\/09\/simp2.jpg 768w\" sizes=\"(max-width: 300px) 100vw, 300px\" \/>\t\t\t\t\t\t\t\t\t\t\t\t\t\t\t<\/div>\n\t\t\t\t<\/div>\n\t\t\t\t<div class=\"elementor-element elementor-element-d6ffd53 elementor-widget elementor-widget-text-editor\" data-id=\"d6ffd53\" data-element_type=\"widget\" data-e-type=\"widget\" data-widget_type=\"text-editor.default\">\n\t\t\t\t<div class=\"elementor-widget-container\">\n\t\t\t\t\t\t\t\t\t<p style=\"text-align: center;\"><strong>89895225<\/strong><\/p>\t\t\t\t\t\t\t\t<\/div>\n\t\t\t\t<\/div>\n\t\t\t\t\t<\/div>\n\t\t<\/div>\n\t\t\t\t\t<\/div>\n\t\t<\/section>\n\t\t\t\t<\/div>","protected":false},"excerpt":{"rendered":"<p>Nuestra empresa Indicadores de calidad Plazo de instalaci\u00f3n del servicio El plazo de instalaci\u00f3n de los servicios constar\u00e1 en el contrato que el cliente suscriba&hellip;<\/p>","protected":false},"author":1,"featured_media":0,"parent":0,"menu_order":1,"comment_status":"closed","ping_status":"closed","template":"","meta":{"footnotes":""},"class_list":["post-288","page","type-page","status-publish","hentry"],"_links":{"self":[{"href":"https:\/\/www.reycom.cr\/en\/wp-json\/wp\/v2\/pages\/288","targetHints":{"allow":["GET"]}}],"collection":[{"href":"https:\/\/www.reycom.cr\/en\/wp-json\/wp\/v2\/pages"}],"about":[{"href":"https:\/\/www.reycom.cr\/en\/wp-json\/wp\/v2\/types\/page"}],"author":[{"embeddable":true,"href":"https:\/\/www.reycom.cr\/en\/wp-json\/wp\/v2\/users\/1"}],"replies":[{"embeddable":true,"href":"https:\/\/www.reycom.cr\/en\/wp-json\/wp\/v2\/comments?post=288"}],"version-history":[{"count":26,"href":"https:\/\/www.reycom.cr\/en\/wp-json\/wp\/v2\/pages\/288\/revisions"}],"predecessor-version":[{"id":773,"href":"https:\/\/www.reycom.cr\/en\/wp-json\/wp\/v2\/pages\/288\/revisions\/773"}],"wp:attachment":[{"href":"https:\/\/www.reycom.cr\/en\/wp-json\/wp\/v2\/media?parent=288"}],"curies":[{"name":"wp","href":"https:\/\/api.w.org\/{rel}","templated":true}]}}